{"id":1357,"date":"2018-12-29T19:55:35","date_gmt":"2018-12-29T19:55:35","guid":{"rendered":"https:\/\/quattro.true-emotions.studio\/home-copy\/"},"modified":"2020-03-31T16:55:37","modified_gmt":"2020-03-31T16:55:37","slug":"home-2","status":"publish","type":"page","link":"https:\/\/kuk-tuning.at\/chip\/","title":{"rendered":"Home1"},"content":{"rendered":"<p>[vc_row full_width=&#8220;stretch_row_content_no_spaces&#8220; pix_padding_top=&#8220;padding No&#8220; pix_padding_bottom=&#8220;padding No&#8220; gradient_colors=&#8220;%5B%7B%7D%5D&#8220;][vc_column]\n\t\t\t<!-- START Home 2 REVOLUTION SLIDER 6.2.2 --><p class=\"rs-p-wp-fix\"><\/p>\n\t\t\t<rs-module-wrap id=\"rev_slider_2_1_wrapper\" data-source=\"gallery\" style=\"background:#262626;padding:0;margin:0px auto;margin-top:0;margin-bottom:0;\">\n\t\t\t\t<rs-module id=\"rev_slider_2_1\" style=\"display:none;\" data-version=\"6.2.2\">\n\t\t\t\t\t<rs-slides>\n\t\t\t\t\t\t<rs-slide data-key=\"rs-3\" data-title=\"Slide\" data-anim=\"ei:d;eo:d;s:600;r:0;t:fade;sl:d;\">\n\t\t\t\t\t\t\t<img decoding=\"async\" src=\"\/\/kuk-tuning.at\/chip\/wp-content\/uploads\/2018\/12\/2a.jpg\" title=\"Home1\" class=\"rev-slidebg\" data-no-retina>\n\t\t\t\t\t\t\t<rs-bgvideo \n\t\t\t\t\t\t\t\tdata-video=\"vc:none;w:100%;h:100%;sta:00:18;end:00:50;nse:false;l:loopandnoslidestop;ptimer:false;\"\n\t\t\t\t\t\t\t\tdata-ytid=\"CgVwDQnY5Uo\"\n\t\t\t\t\t\t\t\tdata-vatr=\"version=3&amp;enablejsapi=1&amp;html5=1&amp;hd=1&amp;wmode=opaque&amp;showinfo=0&amp;rel=0&amp;origin=https:\/\/kuk-tuning.at;\"\n\t\t\t\t\t\t\t><\/rs-bgvideo>\n<!--\n\t\t\t\t\t\t\t--><rs-layer\n\t\t\t\t\t\t\t\tid=\"slider-2-slide-3-layer-9\" \n\t\t\t\t\t\t\t\tclass=\"tp-shape tp-shapewrapper\"\n\t\t\t\t\t\t\t\tdata-type=\"shape\"\n\t\t\t\t\t\t\t\tdata-rsp_ch=\"on\"\n\t\t\t\t\t\t\t\tdata-xy=\"x:c;xo:1px,-2px,-2px,-2px;y:m;\"\n\t\t\t\t\t\t\t\tdata-text=\"fw:700;a:inherit;\"\n\t\t\t\t\t\t\t\tdata-dim=\"w:3000px;h:3000px;\"\n\t\t\t\t\t\t\t\tdata-frame_0=\"tp:600;\"\n\t\t\t\t\t\t\t\tdata-frame_1=\"tp:600;sR:10;\"\n\t\t\t\t\t\t\t\tdata-frame_999=\"o:0;tp:600;st:w;sR:5690;\"\n\t\t\t\t\t\t\t\tstyle=\"z-index:5;background-color:rgba(0,0,0,0.5);\"\n\t\t\t\t\t\t\t> \n\t\t\t\t\t\t\t<\/rs-layer><!--\n-->\t\t\t\t\t\t<\/rs-slide>\n\t\t\t\t\t<\/rs-slides>\n\t\t\t\t\t<rs-progress class=\"rs-bottom\" style=\"visibility: hidden !important;\"><\/rs-progress>\n\t\t\t\t<\/rs-module>\n\t\t\t\t<script type=\"text\/javascript\">\n\t\t\t\t\tsetREVStartSize({c: 'rev_slider_2_1',rl:[1240,1024,778,480],el:[770,668,860,720],gw:[1300,1024,778,480],gh:[770,668,860,720],type:'standard',justify:'',layout:'fullwidth',mh:\"0\"});\n\t\t\t\t\tvar\trevapi2,\n\t\t\t\t\t\ttpj;\n\t\t\t\t\tjQuery(function() {\n\t\t\t\t\t\ttpj = jQuery;\n\t\t\t\t\t\tif(tpj(\"#rev_slider_2_1\").revolution == undefined){\n\t\t\t\t\t\t\trevslider_showDoubleJqueryError(\"#rev_slider_2_1\");\n\t\t\t\t\t\t}else{\n\t\t\t\t\t\t\trevapi2 = tpj(\"#rev_slider_2_1\").show().revolution({\n\t\t\t\t\t\t\t\tjsFileLocation:\"\/\/kuk-tuning.at\/chip\/wp-content\/plugins\/revslider\/public\/assets\/js\/\",\n\t\t\t\t\t\t\t\tsliderLayout:\"fullwidth\",\n\t\t\t\t\t\t\t\tduration:6000,\n\t\t\t\t\t\t\t\tvisibilityLevels:\"1240,1024,778,480\",\n\t\t\t\t\t\t\t\tgridwidth:\"1300,1024,778,480\",\n\t\t\t\t\t\t\t\tgridheight:\"770,668,860,720\",\n\t\t\t\t\t\t\t\teditorheight:\"770,668,860,720\",\n\t\t\t\t\t\t\t\tresponsiveLevels:\"1240,1024,778,480\",\n\t\t\t\t\t\t\t\tdisableProgressBar:\"on\",\n\t\t\t\t\t\t\t\tnavigation: {\n\t\t\t\t\t\t\t\t\tonHoverStop:false\n\t\t\t\t\t\t\t\t},\n\t\t\t\t\t\t\t\tfallbacks: {\n\t\t\t\t\t\t\t\t\tallowHTML5AutoPlayOnAndroid:true\n\t\t\t\t\t\t\t\t},\n\t\t\t\t\t\t\t});\n\t\t\t\t\t\t}\n\t\t\t\t\t\t\n\t\t\t\t\t});\n\t\t\t\t<\/script>\n\t\t\t<\/rs-module-wrap>\n\t\t\t<!-- END REVOLUTION SLIDER -->\n[\/vc_column][\/vc_row][vc_row full_width=&#8220;stretch_row_content_no_spaces&#8220; pix_padding_bottom=&#8220;padding S&#8220; ptextcolor=&#8220;White&#8220; gradient_colors=&#8220;%5B%7B%7D%5D&#8220; awb_type=&#8220;image&#8220; awb_image_size=&#8220;thumbnail&#8220; awb_image_background_size=&#8220;pattern&#8220; awb_image_background_position=&#8220;50% 50%&#8220; awb_color=&#8220;rgba(102,20,19,0.92)&#8220; awb_parallax=&#8220;scroll-opacity&#8220; awb_parallax_speed=&#8220;0.5&#8243; awb_parallax_mobile=&#8220;1&#8243; awb_mouse_parallax=&#8220;1&#8243; awb_mouse_parallax_size=&#8220;30&#8243; awb_mouse_parallax_speed=&#8220;10000&#8243; awb_image=&#8220;1821&#8243;][vc_column][common_title title=&#8220;GEPR\u00dcFTER CHIPTUNING FACHBETRIEB&#8220; show_decor=&#8220;off&#8220;][\/common_title][\/vc_column][\/vc_row][vc_row full_width=&#8220;stretch_row_content_no_spaces&#8220; pix_padding_bottom=&#8220;padding No&#8220; ptextcolor=&#8220;White&#8220; gradient_colors=&#8220;%5B%7B%7D%5D&#8220; css=&#8220;.vc_custom_1574866778143{padding-bottom: 70px !important;background-color: #111111 !important;}&#8220;][vc_column width=&#8220;1\/2&#8243; gradient_colors=&#8220;%5B%7B%7D%5D&#8220; css=&#8220;.vc_custom_1545064165788{padding-right: 25px !important;}&#8220;][common_title title=&#8220;Wir holen aus Ihrem Fahrzeug die optimale Leistung heraus!&#8220; size=&#8220;pix-s&#8220; position=&#8220;text-left&#8220; show_decor=&#8220;off&#8220; subtitle=&#8220;Softwareoptimierung&#8220; color=&#8220;white-heading&#8220; pix_not_stretch_content=&#8220;pix-col-content-right&#8220;][\/common_title][vc_single_image image=&#8220;1812&#8243; img_size=&#8220;large&#8220; onclick=&#8220;img_link_large&#8220; css_animation=&#8220;none&#8220;][\/vc_column][vc_column width=&#8220;1\/2&#8243; pix_not_stretch_content=&#8220;pix-col-content-left&#8220; gradient_colors=&#8220;%5B%7B%7D%5D&#8220; css=&#8220;.vc_custom_1545411558272{padding-left: 10px !important;}&#8220;][vc_row_inner gradient_colors=&#8220;%5B%7B%7D%5D&#8220; css=&#8220;.vc_custom_1545410564261{margin-bottom: 20px !important;}&#8220;][vc_column_inner width=&#8220;1\/2&#8243;][common_icon_box style=&#8220;pix-ibox-title-side&#8220; image=&#8220;782&#8243; title=&#8220;14 JAHRE AM MARKT&#8220; css=&#8220;.vc_custom_1585592148473{padding-right: 25px !important;}&#8220;]Profitieren Sie von unserer Erfahrung und konsequenten Weiterentwicklung.[\/common_icon_box][\/vc_column_inner][vc_column_inner width=&#8220;1\/2&#8243;][common_icon_box style=&#8220;pix-ibox-title-side&#8220; image=&#8220;779&#8243; title=&#8220;INDIVIDUELLE SOFTWARE&#8220; css=&#8220;.vc_custom_1585435640565{padding-left: 25px !important;}&#8220;]Bei uns erhalten Sie keine fertige Software.<br \/>\nF\u00fcr jedes Fahrzeug wird eine Software angefertigt. Wir bieten individuelle Softwarel\u00f6sungen nach ihren W\u00fcnschen an.[\/common_icon_box][\/vc_column_inner][\/vc_row_inner][vc_row_inner gradient_colors=&#8220;%5B%7B%7D%5D&#8220;][vc_column_inner width=&#8220;1\/2&#8243;][common_icon_box style=&#8220;pix-ibox-title-side&#8220; image=&#8220;781&#8243; title=&#8220;TUNING MIT GARANTIE&#8220; css=&#8220;.vc_custom_1585435661463{padding-right: 25px !important;}&#8220;]Sie haben die M\u00f6glichkeit eine Zusatzgarantie auf Motor und Getriebe zu g\u00fcnstigen Konditionen abzuschlie\u00dfen.[\/common_icon_box][\/vc_column_inner][vc_column_inner width=&#8220;1\/2&#8243;][common_icon_box style=&#8220;pix-ibox-title-side&#8220; image=&#8220;778&#8243; title=&#8220;REAL LIFE TESTED&#8220; css=&#8220;.vc_custom_1585435674590{padding-left: 25px !important;}&#8220;]Die von uns entwickelte Software muss unter realen Bedingungen punkten &#8211; Wir testen unsere Leistungssteigerung auf der Strasse.<br \/>\nWie im echten Leben.[\/common_icon_box][\/vc_column_inner][\/vc_row_inner][common_icon_box][\/common_icon_box][\/vc_column][\/vc_row][vc_row full_width=&#8220;stretch_row&#8220; pix_padding_top=&#8220;padding XL&#8220; pix_padding_bottom=&#8220;padding XL&#8220; ptextcolor=&#8220;White&#8220; gradient_colors=&#8220;%5B%7B%7D%5D&#8220; css=&#8220;.vc_custom_1544622486403{background-color: #212121 !important;}&#8220;][vc_column width=&#8220;1\/2&#8243; gradient_colors=&#8220;%5B%7B%7D%5D&#8220; css=&#8220;.vc_custom_1546025656690{padding-right: 25px !important;}&#8220;][common_title title=&#8220;Bei uns erhalten Sie keine fertige Software.<br \/>\nF\u00fcr jedes Fahrzeug wird eine Software angefertigt.<br \/>\nWir bieten individuelle Sofwarel\u00f6sungen nach ihren W\u00fcnschen.&#8220; size=&#8220;pix-s&#8220; position=&#8220;text-left&#8220; show_decor=&#8220;off&#8220; subtitle=&#8220;CHIPTUNING&#8220; color=&#8220;white-heading&#8220;][\/common_title][common_points image=&#8220;1092&#8243; points=&#8220;%5B%7B%22top_pos%22%3A%2275%22%2C%22left_pos%22%3A%224%22%2C%22content_d%22%3A%22Motorsoftware%22%7D%2C%7B%22top_pos%22%3A%2232%22%2C%22left_pos%22%3A%2225%22%2C%22content_d%22%3A%22Getriebesoftware%22%7D%2C%7B%22top_pos%22%3A%2250%22%2C%22left_pos%22%3A%2254%22%2C%22content_d%22%3A%22Leistungsmessung%22%7D%2C%7B%22top_pos%22%3A%2219%22%2C%22left_pos%22%3A%2272%22%2C%22content_d%22%3A%22Zubeh%C3%B6r%22%7D%5D&#8220;][\/vc_column][vc_column width=&#8220;1\/2&#8243; gradient_colors=&#8220;%5B%7B%7D%5D&#8220;][vc_row_inner gap=&#8220;15&#8243; ptextcolor=&#8220;White&#8220; gradient_colors=&#8220;%5B%7B%7D%5D&#8220;][vc_column_inner][vc_empty_space height=&#8220;30px&#8220;][common_icon_box style=&#8220;pix-ibox-title-side&#8220; image=&#8220;556&#8243; title=&#8220;SCH\u00d6PFEN SIE DAS POTENTIAL IHRES FAHRZEUGS AUS!&#8220;]Mit unserer Softwareoptimierung nutzen Sie das gesamte Potential des Motors besser aus und erhalten daf\u00fcr eine Mehrleistung von bis zu 40%. Durch den verbesserten Wirkungsgrad sind die von uns\u00a0 optimierten Fahrzeuge sogar sparsamer im Verbrauch.[\/common_icon_box][common_icon_box style=&#8220;pix-ibox-title-side&#8220; image=&#8220;534&#8243; title=&#8220;SCHNELLE UND EINFACHE OPTIMIERUNG \u00dcBER DIE OBD SCHNITTSTELLE&#8220; css=&#8220;.vc_custom_1585436091171{margin-bottom: 10px !important;}&#8220;]Bei den meisten modernen Fahrzeugen ist eine Optimierung der Steuerger\u00e4tesoftware \u00fcber die OBD-Schnittstelle m\u00f6glich. Dies geht besonders schnell, da in den meisten F\u00e4llen das Steuerger\u00e4t nicht ausgebaut und ge\u00f6ffnet werden muss.[\/common_icon_box][common_icon_box style=&#8220;pix-ibox-title-side&#8220; image=&#8220;513&#8243; title=&#8220;ENTWICKELT. GEPR\u00dcFT. GETESTET.&#8220; css=&#8220;.vc_custom_1585436132132{margin-bottom: 10px !important;}&#8220;]Wir garantieren Qualit\u00e4t durch eigene Entwicklung. Unsere Softwarel\u00f6sungen durchlaufen zahlreiche Tests, um allen Anforderungen gerecht zu werden.<br \/>\nAbschlie\u00dfend wird die Leistung des jeweiligen Fahrzeuges unter realen Bedingungen durch die Verwendung unseres Insoric RealPower Leistungsmesssystems ermittelt.[\/common_icon_box][\/vc_column_inner][\/vc_row_inner][\/vc_column][\/vc_row][vc_row full_width=&#8220;stretch_row&#8220; pix_padding_top=&#8220;padding XL&#8220; gradient_colors=&#8220;%5B%7B%7D%5D&#8220; awb_type=&#8220;color&#8220; awb_stretch=&#8220;1&#8243; awb_color=&#8220;#f6f6f7&#8243;][vc_column][common_reviews style=&#8220;news-card-message&#8220; carousel_items=&#8220;1&#8243; carousel_loop=&#8220;on&#8220; carousel_margin=&#8220;50&#8243; carousel_stagepadding=&#8220;30&#8243; reviews=&#8220;%5B%7B%22name%22%3A%22Christian%20Kager%22%2C%22position%22%3A%22CEO%22%2C%22content_d%22%3A%22%E2%80%9CQualit%C3%A4t%20und%20Langlebigkeit%20waren%20schon%20immer%20die%20Eigenschaften%2C%20auf%20denen%20wir%20unsere%20Produkte%20aufgebaut%20haben.%5CnSeit%20%C3%BCber%2010%20Jahren%20sind%20wir%20nun%20im%20Tuningbereich%20t%C3%A4tig%20und%20haben%20uns%20zu%20einem%20der%20f%C3%BChrenden%20Unternehmen%20in%20dieser%20Branche%20entwickelt.%5CnDa%20wir%20unsere%20Software%20selbst%20entwickeln%20sind%20wir%20in%20der%20Lage%20f%C3%BCr%20jedes%20Fahrzeug%20die%20Software%20individuell%20und%20in%20h%C3%B6chster%20Qualit%C3%A4t%20zu%20liefern.%5Cn%5Cn%22%7D%5D&#8220;][\/vc_column][\/vc_row][vc_row full_width=&#8220;stretch_row&#8220; pix_padding_top=&#8220;padding S&#8220; pix_padding_bottom=&#8220;padding XL&#8220; ptextcolor=&#8220;Black&#8220; gradient_colors=&#8220;%5B%7B%7D%5D&#8220; awb_type=&#8220;color&#8220; awb_stretch=&#8220;1&#8243; awb_color=&#8220;#f6f6f7&#8243;][vc_column gradient_colors=&#8220;%5B%7B%7D%5D&#8220;][common_title title=&#8220;News&#8220; pix_not_stretch_content=&#8220;pix-col-content-center&#8220;][\/common_title][common_posts_block cats=&#8220;uncategorized&#8220; carousel_items=&#8220;3&#8243; carousel_margin=&#8220;50&#8243; carousel_stagepadding=&#8220;30&#8243; count=&#8220;4&#8243;][\/vc_column][\/vc_row]<\/p>\n","protected":false},"excerpt":{"rendered":"<p>[vc_row full_width=&#8220;stretch_row_content_no_spaces&#8220; pix_padding_top=&#8220;padding No&#8220; pix_padding_bottom=&#8220;padding No&#8220; gradient_colors=&#8220;%5B%7B%7D%5D&#8220;][vc_column][\/vc_column][\/vc_row][vc_row full_width=&#8220;stretch_row_content_no_spaces&#8220; pix_padding_bottom=&#8220;padding S&#8220; ptextcolor=&#8220;White&#8220; gradient_colors=&#8220;%5B%7B%7D%5D&#8220; awb_type=&#8220;image&#8220; awb_image_size=&#8220;thumbnail&#8220; awb_image_background_size=&#8220;pattern&#8220; awb_image_background_position=&#8220;50% 50%&#8220; awb_color=&#8220;rgba(102,20,19,0.92)&#8220; awb_parallax=&#8220;scroll-opacity&#8220; awb_parallax_speed=&#8220;0.5&#8243; awb_parallax_mobile=&#8220;1&#8243; awb_mouse_parallax=&#8220;1&#8243; awb_mouse_parallax_size=&#8220;30&#8243; awb_mouse_parallax_speed=&#8220;10000&#8243; awb_image=&#8220;1821&#8243;][vc_column][common_title title=&#8220;GEPR\u00dcFTER CHIPTUNING FACHBETRIEB&#8220; show_decor=&#8220;off&#8220;][\/common_title][\/vc_column][\/vc_row][vc_row full_width=&#8220;stretch_row_content_no_spaces&#8220; pix_padding_bottom=&#8220;padding No&#8220; ptextcolor=&#8220;White&#8220; gradient_colors=&#8220;%5B%7B%7D%5D&#8220; css=&#8220;.vc_custom_1574866778143{padding-bottom: 70px !important;background-color: #111111 !important;}&#8220;][vc_column width=&#8220;1\/2&#8243; gradient_colors=&#8220;%5B%7B%7D%5D&#8220; css=&#8220;.vc_custom_1545064165788{padding-right: 25px !important;}&#8220;][common_title title=&#8220;Wir holen aus Ihrem Fahrzeug die optimale Leistung heraus!&#8220; size=&#8220;pix-s&#8220; position=&#8220;text-left&#8220; [&hellip;]<\/p>\n","protected":false},"author":1,"featured_media":0,"parent":0,"menu_order":1,"comment_status":"closed","ping_status":"closed","template":"page-home.php","meta":{"footnotes":""},"class_list":["post-1357","page","type-page","status-publish","hentry"],"_links":{"self":[{"href":"https:\/\/kuk-tuning.at\/chip\/wp-json\/wp\/v2\/pages\/1357","targetHints":{"allow":["GET"]}}],"collection":[{"href":"https:\/\/kuk-tuning.at\/chip\/wp-json\/wp\/v2\/pages"}],"about":[{"href":"https:\/\/kuk-tuning.at\/chip\/wp-json\/wp\/v2\/types\/page"}],"author":[{"embeddable":true,"href":"https:\/\/kuk-tuning.at\/chip\/wp-json\/wp\/v2\/users\/1"}],"replies":[{"embeddable":true,"href":"https:\/\/kuk-tuning.at\/chip\/wp-json\/wp\/v2\/comments?post=1357"}],"version-history":[{"count":11,"href":"https:\/\/kuk-tuning.at\/chip\/wp-json\/wp\/v2\/pages\/1357\/revisions"}],"predecessor-version":[{"id":1981,"href":"https:\/\/kuk-tuning.at\/chip\/wp-json\/wp\/v2\/pages\/1357\/revisions\/1981"}],"wp:attachment":[{"href":"https:\/\/kuk-tuning.at\/chip\/wp-json\/wp\/v2\/media?parent=1357"}],"curies":[{"name":"wp","href":"https:\/\/api.w.org\/{rel}","templated":true}]}}