{"id":1827,"date":"2020-03-30T15:45:07","date_gmt":"2020-03-30T15:45:07","guid":{"rendered":"https:\/\/kuk-tuning.at\/chip\/?page_id=1827"},"modified":"2020-03-30T17:04:45","modified_gmt":"2020-03-30T17:04:45","slug":"1827-2","status":"publish","type":"page","link":"https:\/\/kuk-tuning.at\/chip\/1827-2\/","title":{"rendered":"APR"},"content":{"rendered":"<p>[vc_row full_width=&#8220;stretch_row_content_no_spaces&#8220; full_height=&#8220;yes&#8220; equal_height=&#8220;yes&#8220; pix_padding_top=&#8220;padding No&#8220; pix_padding_bottom=&#8220;padding No&#8220; overflow=&#8220;on&#8220; gradient_colors=&#8220;%5B%7B%7D%5D&#8220; awb_type=&#8220;yt_vm_video&#8220; awb_stretch=&#8220;1&#8243; awb_video=&#8220;https:\/\/youtu.be\/HJaaihjB7cY&#8220; awb_video_mobile=&#8220;1&#8243; awb_color=&#8220;rgba(0,0,0,0.46)&#8220; awb_video_start_time=&#8220;6s&#8220;][vc_column][\/vc_column][\/vc_row][vc_row pix_padding_top=&#8220;padding M&#8220; pix_padding_bottom=&#8220;padding No&#8220; ptextcolor=&#8220;White&#8220; gradient_colors=&#8220;%5B%7B%7D%5D&#8220; awb_type=&#8220;color&#8220; awb_stretch=&#8220;1&#8243; awb_color=&#8220;#dd3333&#8243; css=&#8220;.vc_custom_1573311630974{background-color: #dd3333 !important;}&#8220;][vc_column][common_title title=&#8220;VW | Audi | Seat | Skoda | Porsche&#8220; show_decor=&#8220;off&#8220; subtitle=&#8220;APR Software und Hardware ist verf\u00fcgbar f\u00fcr&#8220;][\/common_title][\/vc_column][\/vc_row][vc_row pix_padding_top=&#8220;padding M&#8220; pix_padding_bottom=&#8220;padding No&#8220; ptextcolor=&#8220;White&#8220; gradient_colors=&#8220;%5B%7B%7D%5D&#8220; awb_type=&#8220;color&#8220; awb_stretch=&#8220;1&#8243; awb_color=&#8220;#383838&#8243; css=&#8220;.vc_custom_1573313354795{background-color: #dd3333 !important;}&#8220;][vc_column][common_title title=&#8220;Just drive it.&#8220;]Dein Auto kann mehr als man denkt, du auch? Hol dir jetzt Fahrspa\u00df\u00b2 in einer anderen Dimension.[\/common_title][\/vc_column][\/vc_row][vc_section full_width=&#8220;stretch_row&#8220;][vc_row pix_padding_bottom=&#8220;padding No&#8220; gradient_colors=&#8220;%5B%7B%7D%5D&#8220;][vc_column][common_title title=&#8220;GARANTIERT MEHR DRIN.&#8220; position=&#8220;text-left&#8220; show_decor=&#8220;off&#8220;]<strong>Du willst mehr Leistung aber nicht auf eine Garantie verzichten?<br \/>\n<\/strong><strong>Mit den APR-Garantiepaketen sorglos die gesamte APR-Power nutzen!<\/strong>[\/common_title][\/vc_column][\/vc_row][vc_row pix_padding_top=&#8220;padding No&#8220; pix_padding_bottom=&#8220;padding No&#8220; gradient_colors=&#8220;%5B%7B%7D%5D&#8220;][vc_column width=&#8220;1\/3&#8243;][vc_column_text]<\/p>\n<div class=\"image top mtop15 mbottom15\"><img loading=\"lazy\" decoding=\"async\" class=\"\" src=\"https:\/\/www.goapr.de\/assets\/images\/9\/apr-care-1edc75a9.svg\" alt=\"\" width=\"321\" height=\"40\" \/><\/div>\n<div><\/div>\n<p>Mit dem einzigartigen APR CARE-Schutzpaket ersetzen wir Deine Werksgarantie vollumf\u00e4nglich. Ohne Limits. Zus\u00e4tzlich zur APR Software decken wir viele weitere technische Modifikationen wie z. B. das APR Air Intake System oder den APR Ladeluftk\u00fchler auch gleich mit ab.<\/p>\n<p>Mit APR hast Du alles aus einer Hand: Tuning, Gutachten und verl\u00e4ssliche Garantie:<\/p>\n<ul>\n<li>voller Ersatz f\u00fcr Deine Werksgarantie<\/li>\n<li>bequeme und schnelle Abwicklung<\/li>\n<li>keine Zuzahlung im Schadensfall<\/li>\n<li>eigene Schadenshotlin<\/li>\n<\/ul>\n<p>[\/vc_column_text][\/vc_column][vc_column width=&#8220;1\/3&#8243;][vc_column_text]<\/p>\n<div class=\"image top mtop15 mbottom15\"><img loading=\"lazy\" decoding=\"async\" class=\"\" src=\"https:\/\/www.goapr.de\/assets\/images\/a\/apr_careplus-7c2e59ea.svg\" alt=\"\" width=\"320\" height=\"40\" \/><\/div>\n<p>Du hast eine Werksanschlussgarantie? Dann einfach mit APR CARE PLUS noch l\u00e4nger unbedenklichen Fahrspa\u00df genie\u00dfen. Die neue APR CARE PLUS-Garantie l\u00e4uft parallel zur gesamten Laufzeit der originalen Werksanschlussgarantie Deines Fahrzeugs. APR CARE PLUS setzt damit wieder einmal neue Ma\u00dfst\u00e4be in der Welt des Tunings![\/vc_column_text][\/vc_column][vc_column width=&#8220;1\/3&#8243;][vc_column_text]<\/p>\n<div class=\"image top mtop15 mbottom15\"><img loading=\"lazy\" decoding=\"async\" class=\"\" src=\"https:\/\/www.goapr.de\/assets\/images\/4\/apr_classic-0ea75554.svg\" alt=\"\" width=\"320\" height=\"36\" \/><\/div>\n<p>Dein Fahrzeug ist bereits etwas \u00e4lter und Du hast keine Werksgarantie? Auch f\u00fcr Dich haben wir die L\u00f6sung: Mit APR CLASSIC bist Du bis zum 5. Fahrzeugjahr sicher unterwegs.[\/vc_column_text][vc_single_image image=&#8220;1837&#8243; img_size=&#8220;medium&#8220;][\/vc_column][\/vc_row][\/vc_section][vc_row full_width=&#8220;stretch_row&#8220; gradient_colors=&#8220;%5B%7B%7D%5D&#8220; css=&#8220;.vc_custom_1585583264129{background-color: #f6f6f7 !important;}&#8220;][vc_column][common_posts_block style=&#8220;news-card-long&#8220; carousel_items=&#8220;3&#8243;][\/vc_column][\/vc_row][vc_row full_width=&#8220;stretch_row&#8220; content_placement=&#8220;middle&#8220; pix_padding_top=&#8220;padding No&#8220; pix_padding_bottom=&#8220;padding No&#8220; ptextcolor=&#8220;White&#8220; overflow=&#8220;on&#8220; gradient_colors=&#8220;%5B%7B%7D%5D&#8220; css=&#8220;.vc_custom_1585583413904{background-color: #dd3333 !important;}&#8220;][vc_column width=&#8220;1\/6&#8243; gradient_colors=&#8220;%5B%7B%7D%5D&#8220; offset=&#8220;vc_hidden-xs&#8220;][\/vc_column][vc_column width=&#8220;2\/3&#8243;][vc_row_inner equal_height=&#8220;yes&#8220; content_placement=&#8220;middle&#8220; pix_padding_top=&#8220;padding M&#8220; pix_padding_bottom=&#8220;padding M&#8220; overflow=&#8220;on&#8220; top_offset=&#8220;80px&#8220; gradient_colors=&#8220;%5B%7B%7D%5D&#8220; css=&#8220;.vc_custom_1585579381868{margin-right: 0px !important;margin-left: 0px !important;padding-right: 65px !important;padding-left: 65px !important;background-color: #303030 !important;}&#8220;][vc_column_inner][common_title title=&#8220;apr@kuk-tuning.at&#8220; padding=&#8220;off&#8220; subtitle=&#8220;Mehr Infos zu APR bekommst du unter&#8220; color=&#8220;white-heading&#8220;][\/common_title][\/vc_column_inner][\/vc_row_inner][\/vc_column][vc_column width=&#8220;1\/6&#8243;][\/vc_column][\/vc_row]<\/p>\n","protected":false},"excerpt":{"rendered":"<p>[vc_row full_width=&#8220;stretch_row_content_no_spaces&#8220; full_height=&#8220;yes&#8220; equal_height=&#8220;yes&#8220; pix_padding_top=&#8220;padding No&#8220; pix_padding_bottom=&#8220;padding No&#8220; overflow=&#8220;on&#8220; gradient_colors=&#8220;%5B%7B%7D%5D&#8220; awb_type=&#8220;yt_vm_video&#8220; awb_stretch=&#8220;1&#8243; awb_video=&#8220;https:\/\/youtu.be\/HJaaihjB7cY&#8220; awb_video_mobile=&#8220;1&#8243; awb_color=&#8220;rgba(0,0,0,0.46)&#8220; awb_video_start_time=&#8220;6s&#8220;][vc_column][\/vc_column][\/vc_row][vc_row pix_padding_top=&#8220;padding M&#8220; pix_padding_bottom=&#8220;padding No&#8220; ptextcolor=&#8220;White&#8220; gradient_colors=&#8220;%5B%7B%7D%5D&#8220; awb_type=&#8220;color&#8220; awb_stretch=&#8220;1&#8243; awb_color=&#8220;#dd3333&#8243; css=&#8220;.vc_custom_1573311630974{background-color: #dd3333 !important;}&#8220;][vc_column][common_title title=&#8220;VW | Audi | Seat | Skoda | Porsche&#8220; show_decor=&#8220;off&#8220; subtitle=&#8220;APR Software und Hardware ist verf\u00fcgbar f\u00fcr&#8220;][\/common_title][\/vc_column][\/vc_row][vc_row pix_padding_top=&#8220;padding M&#8220; pix_padding_bottom=&#8220;padding No&#8220; ptextcolor=&#8220;White&#8220; gradient_colors=&#8220;%5B%7B%7D%5D&#8220; awb_type=&#8220;color&#8220; awb_stretch=&#8220;1&#8243; awb_color=&#8220;#383838&#8243; css=&#8220;.vc_custom_1573313354795{background-color: [&hellip;]<\/p>\n","protected":false},"author":1,"featured_media":0,"parent":0,"menu_order":4,"comment_status":"closed","ping_status":"closed","template":"page-home.php","meta":{"footnotes":""},"class_list":["post-1827","page","type-page","status-publish","hentry"],"_links":{"self":[{"href":"https:\/\/kuk-tuning.at\/chip\/wp-json\/wp\/v2\/pages\/1827","targetHints":{"allow":["GET"]}}],"collection":[{"href":"https:\/\/kuk-tuning.at\/chip\/wp-json\/wp\/v2\/pages"}],"about":[{"href":"https:\/\/kuk-tuning.at\/chip\/wp-json\/wp\/v2\/types\/page"}],"author":[{"embeddable":true,"href":"https:\/\/kuk-tuning.at\/chip\/wp-json\/wp\/v2\/users\/1"}],"replies":[{"embeddable":true,"href":"https:\/\/kuk-tuning.at\/chip\/wp-json\/wp\/v2\/comments?post=1827"}],"version-history":[{"count":11,"href":"https:\/\/kuk-tuning.at\/chip\/wp-json\/wp\/v2\/pages\/1827\/revisions"}],"predecessor-version":[{"id":1843,"href":"https:\/\/kuk-tuning.at\/chip\/wp-json\/wp\/v2\/pages\/1827\/revisions\/1843"}],"wp:attachment":[{"href":"https:\/\/kuk-tuning.at\/chip\/wp-json\/wp\/v2\/media?parent=1827"}],"curies":[{"name":"wp","href":"https:\/\/api.w.org\/{rel}","templated":true}]}}