{"id":1856,"date":"2020-03-30T16:05:03","date_gmt":"2020-03-30T16:05:03","guid":{"rendered":"https:\/\/kuk-tuning.at\/chip\/?page_id=1856"},"modified":"2020-03-30T17:46:20","modified_gmt":"2020-03-30T17:46:20","slug":"tuning-mit-garantie","status":"publish","type":"page","link":"https:\/\/kuk-tuning.at\/chip\/tuning-mit-garantie\/","title":{"rendered":"Tuning mit Garantie"},"content":{"rendered":"<p>[vc_row full_width=&#8220;stretch_row&#8220; pix_padding_top=&#8220;padding No&#8220; pix_padding_bottom=&#8220;padding No&#8220; gradient_colors=&#8220;%5B%7B%7D%5D&#8220; awb_type=&#8220;color&#8220; awb_color=&#8220;#dd3333&#8243;][vc_column][\/vc_column][\/vc_row][vc_row pix_padding_top=&#8220;padding M&#8220; pix_padding_bottom=&#8220;padding S&#8220; gradient_colors=&#8220;%5B%7B%7D%5D&#8220;][vc_column width=&#8220;1\/2&#8243;][common_title title=&#8220;Garantie auf Motor und Getriebe&#8220; padding=&#8220;off&#8220; position=&#8220;text-left&#8220;][\/common_title][vc_column_text]<\/p>\n<p style=\"text-align: left;\"><strong>Zus\u00e4tzlich zu unserer kostenlosen 2-j\u00e4hrigen Garantie auf unsere Software k\u00f6nnen Sie<\/strong> <strong>eine Garantie auf ihr Fahrzeug abschlie\u00dfen!<\/strong> <strong>Diese beinhaltet wichtige Komponenten wie z.B.: Motor, Turbolader, Getriebe u.v.m.<\/strong><\/p>\n<p>[\/vc_column_text][\/vc_column][vc_column width=&#8220;1\/2&#8243;][vc_empty_space height=&#8220;22px&#8220;][common_icon_box icon_type=&#8220;font&#8220; icon_size=&#8220;pix-icon-m&#8220; icon_pixfontawesome=&#8220;fa fa-check&#8220;]\u00dcberlassen Sie nichts dem Zufall. Selbst ohne Leistungssteigerung erh\u00f6ht sich das Risiko eines technischen Defektes mit zunehmendem Fahrzeugalter.[\/common_icon_box][common_icon_box icon_type=&#8220;font&#8220; icon_size=&#8220;pix-icon-m&#8220; icon_pixfontawesome=&#8220;fa fa-check&#8220;]Im Falle eines Wegfalls der Herstellergarantie bieten wir hierf\u00fcr einen optimalen Ersatz. Ihr Fahrzeug bleibt so definitiv versichert.[\/common_icon_box][\/vc_column][\/vc_row][vc_row pix_padding_top=&#8220;padding No&#8220; gradient_colors=&#8220;%5B%7B%7D%5D&#8220;][vc_column width=&#8220;1\/2&#8243;][vc_single_image image=&#8220;1859&#8243; img_size=&#8220;large&#8220;][\/vc_column][vc_column width=&#8220;1\/2&#8243;][vc_column_text]NSA Garantie ist Marktf\u00fchrer auf dem Schweizer Markt der Gebrauchtfahrzeuggarantie. Durch unsere Zusammenarbeit mit der\u00a0<a href=\"https:\/\/www.erv.ch\/\" target=\"_blank\" rel=\"noopener noreferrer\">Europ\u00e4ischen Reiseversicherungs AG<\/a>\u00a0(Beginn 2000) konnten wir unseren Markanteil noch einmal erheblich steigern.\u00a0 In Deutschland sind seit 2005 die NSA Garantien ein Produkt der\u00a0<a href=\"https:\/\/www.helvetia.com\/de\/content\/de\/home.html\" target=\"_blank\" rel=\"noopener noreferrer\">Nationale Suisse<\/a>. Die Qualit\u00e4t unserer Produkte hat uns auch die T\u00fcren des deutschen Markts ge\u00f6ffnet, wo wir die namhaftesten Konzerne zu unseren Kunden z\u00e4hlen d\u00fcrfen. Stets aufmerksam gehen wir auf die W\u00fcnsche und die Bed\u00fcrfnisse unserer Kunden ein, und bleiben damit unserem Motto treu: \u201eNSA Garantie. Ein Service mehr\u201c.[\/vc_column_text][\/vc_column][\/vc_row]<\/p>\n","protected":false},"excerpt":{"rendered":"<p>[vc_row full_width=&#8220;stretch_row&#8220; pix_padding_top=&#8220;padding No&#8220; pix_padding_bottom=&#8220;padding No&#8220; gradient_colors=&#8220;%5B%7B%7D%5D&#8220; awb_type=&#8220;color&#8220; awb_color=&#8220;#dd3333&#8243;][vc_column][\/vc_column][\/vc_row][vc_row pix_padding_top=&#8220;padding M&#8220; pix_padding_bottom=&#8220;padding S&#8220; gradient_colors=&#8220;%5B%7B%7D%5D&#8220;][vc_column width=&#8220;1\/2&#8243;][common_title title=&#8220;Garantie auf Motor und Getriebe&#8220; padding=&#8220;off&#8220; position=&#8220;text-left&#8220;][\/common_title][vc_column_text] Zus\u00e4tzlich zu unserer kostenlosen 2-j\u00e4hrigen Garantie auf unsere Software k\u00f6nnen Sie eine Garantie auf ihr Fahrzeug abschlie\u00dfen! Diese beinhaltet wichtige Komponenten wie z.B.: Motor, Turbolader, Getriebe u.v.m. [\/vc_column_text][\/vc_column][vc_column width=&#8220;1\/2&#8243;][vc_empty_space height=&#8220;22px&#8220;][common_icon_box icon_type=&#8220;font&#8220; icon_size=&#8220;pix-icon-m&#8220; icon_pixfontawesome=&#8220;fa [&hellip;]<\/p>\n","protected":false},"author":1,"featured_media":1962,"parent":0,"menu_order":17,"comment_status":"closed","ping_status":"closed","template":"","meta":{"footnotes":""},"class_list":["post-1856","page","type-page","status-publish","has-post-thumbnail","hentry"],"_links":{"self":[{"href":"https:\/\/kuk-tuning.at\/chip\/wp-json\/wp\/v2\/pages\/1856","targetHints":{"allow":["GET"]}}],"collection":[{"href":"https:\/\/kuk-tuning.at\/chip\/wp-json\/wp\/v2\/pages"}],"about":[{"href":"https:\/\/kuk-tuning.at\/chip\/wp-json\/wp\/v2\/types\/page"}],"author":[{"embeddable":true,"href":"https:\/\/kuk-tuning.at\/chip\/wp-json\/wp\/v2\/users\/1"}],"replies":[{"embeddable":true,"href":"https:\/\/kuk-tuning.at\/chip\/wp-json\/wp\/v2\/comments?post=1856"}],"version-history":[{"count":4,"href":"https:\/\/kuk-tuning.at\/chip\/wp-json\/wp\/v2\/pages\/1856\/revisions"}],"predecessor-version":[{"id":1963,"href":"https:\/\/kuk-tuning.at\/chip\/wp-json\/wp\/v2\/pages\/1856\/revisions\/1963"}],"wp:featuredmedia":[{"embeddable":true,"href":"https:\/\/kuk-tuning.at\/chip\/wp-json\/wp\/v2\/media\/1962"}],"wp:attachment":[{"href":"https:\/\/kuk-tuning.at\/chip\/wp-json\/wp\/v2\/media?parent=1856"}],"curies":[{"name":"wp","href":"https:\/\/api.w.org\/{rel}","templated":true}]}}